{"id":904,"date":"2024-12-10T18:27:55","date_gmt":"2024-12-10T18:27:55","guid":{"rendered":"https:\/\/tmc.com.ar\/parts\/?post_type=product&#038;p=904"},"modified":"2024-12-10T18:28:33","modified_gmt":"2024-12-10T18:28:33","slug":"mosqueton-ovalado-de-bloqueo-automatico-20-mm","status":"publish","type":"product","link":"https:\/\/tmc.com.ar\/parts\/product\/mosqueton-ovalado-de-bloqueo-automatico-20-mm\/","title":{"rendered":"MOSQUET\u00d3N OVALADO DE BLOQUEO AUTOM\u00c1TICO 20 MM"},"content":{"rendered":"","protected":false},"excerpt":{"rendered":"<p>ART\u00cdCULO: 14-00-0006<\/p>\n","protected":false},"featured_media":905,"comment_status":"open","ping_status":"closed","template":"","meta":{"_acf_changed":false,"_siteseo_robots_primary_cat":"70","_et_pb_use_builder":"","_et_pb_old_content":"","_et_gb_content_width":""},"product_cat":[70],"product_tag":[],"class_list":{"0":"post-904","1":"product","2":"type-product","3":"status-publish","4":"has-post-thumbnail","6":"product_cat-poda_en_altura","8":"first","9":"instock","10":"shipping-taxable","11":"product-type-simple"},"acf":[],"_links":{"self":[{"href":"https:\/\/tmc.com.ar\/parts\/wp-json\/wp\/v2\/product\/904","targetHints":{"allow":["GET"]}}],"collection":[{"href":"https:\/\/tmc.com.ar\/parts\/wp-json\/wp\/v2\/product"}],"about":[{"href":"https:\/\/tmc.com.ar\/parts\/wp-json\/wp\/v2\/types\/product"}],"replies":[{"embeddable":true,"href":"https:\/\/tmc.com.ar\/parts\/wp-json\/wp\/v2\/comments?post=904"}],"wp:featuredmedia":[{"embeddable":true,"href":"https:\/\/tmc.com.ar\/parts\/wp-json\/wp\/v2\/media\/905"}],"wp:attachment":[{"href":"https:\/\/tmc.com.ar\/parts\/wp-json\/wp\/v2\/media?parent=904"}],"wp:term":[{"taxonomy":"product_cat","embeddable":true,"href":"https:\/\/tmc.com.ar\/parts\/wp-json\/wp\/v2\/product_cat?post=904"},{"taxonomy":"product_tag","embeddable":true,"href":"https:\/\/tmc.com.ar\/parts\/wp-json\/wp\/v2\/product_tag?post=904"}],"curies":[{"name":"wp","href":"https:\/\/api.w.org\/{rel}","templated":true}]}}